{"id":900,"date":"2018-12-26T08:35:44","date_gmt":"2018-12-26T08:35:44","guid":{"rendered":"http:\/\/democontent.codex-themes.com\/sites\/logistics\/?page_id=2"},"modified":"2024-02-28T15:42:26","modified_gmt":"2024-02-28T15:42:26","slug":"inicio","status":"publish","type":"page","link":"https:\/\/altairgroupec.com\/en\/","title":{"rendered":"Altair Group Ecuador"},"content":{"rendered":"<div class=\"wpb-content-wrapper\"><div class=\"vc_row-full-width-before\"><\/div><div id=\"link\" data-vc-full-width=\"true\" data-vc-full-width-init=\"false\" class=\"vc_row wpb_row vc_row-fluid vc_custom_1582569375917 thegem-custom-69e21c5b067a3954 vc_row-has-fill\"><script type=\"text\/javascript\">if (typeof(gem_fix_fullwidth_position) == \"function\") { gem_fix_fullwidth_position(document.getElementById(\"link\")); }<\/script><div class=\"wpb_column vc_column_container vc_col-sm-12 thegem-custom-69e21c5b069b71552\" ><div class=\"vc_column-inner thegem-custom-inner-69e21c5b069b9\"><div class=\"wpb_wrapper thegem-custom-69e21c5b069b71552\">\r\n\t\r\n\t\t<div class=\"wpb_text_column wpb_content_element  wpb_animate_when_almost_visible wpb_bottom-to-top bottom-to-top thegem-vc-text thegem-custom-69e21c5b06c26565\"  >\r\n\t\t\t<div class=\"wpb_wrapper\">\r\n\t\t\t\t<h4 style=\"text-align: center;\">welcome to<\/h4>\n\r\n\t\t\t<\/div>\r\n\t\t\t<style>@media screen and (max-width: 1023px) {.thegem-vc-text.thegem-custom-69e21c5b06c26565{display: block!important;}}@media screen and (max-width: 767px) {.thegem-vc-text.thegem-custom-69e21c5b06c26565{display: block!important;}}@media screen and (max-width: 1023px) {.thegem-vc-text.thegem-custom-69e21c5b06c26565{position: relative !important;}}@media screen and (max-width: 767px) {.thegem-vc-text.thegem-custom-69e21c5b06c26565{position: relative !important;}}<\/style>\r\n\t\t<\/div>\r\n\t\r\n\r\n\t\r\n\t\t<div class=\"wpb_text_column wpb_content_element  wpb_animate_when_almost_visible wpb_bottom-to-top bottom-to-top vc_custom_1582569262522 thegem-vc-text thegem-custom-69e21c5b06d357170\"  >\r\n\t\t\t<div class=\"wpb_wrapper\">\r\n\t\t\t\t<h1 style=\"text-align: center;\">Altair Group Ecuador<\/h1>\n\r\n\t\t\t<\/div>\r\n\t\t\t<style>@media screen and (max-width: 1023px) {.thegem-vc-text.thegem-custom-69e21c5b06d357170{display: block!important;}}@media screen and (max-width: 767px) {.thegem-vc-text.thegem-custom-69e21c5b06d357170{display: block!important;}}@media screen and (max-width: 1023px) {.thegem-vc-text.thegem-custom-69e21c5b06d357170{position: relative !important;}}@media screen and (max-width: 767px) {.thegem-vc-text.thegem-custom-69e21c5b06d357170{position: relative !important;}}<\/style>\r\n\t\t<\/div>\r\n\t\r\n<div class=\"vc_row wpb_row vc_inner vc_row-fluid vc_custom_1584068341729 thegem-custom-69e21c5b074e16060 vc_row-has-fill vc_column-gap-15 vc_row-o-equal-height vc_row-flex custom-inner-column-69e21c5b074f1\" ><div class=\"wpb_column vc_column_container vc_col-sm-4 thegem-custom-69e21c5b079865183 vc_col-has-fill\"><div class=\"vc_column-inner thegem-custom-inner-69e21c5b07987 vc_custom_1584068404033\"><div class=\"wpb_wrapper thegem-custom-69e21c5b079865183\">\r\n\t\r\n\t<div  class=\"wpb_single_image wpb_content_element vc_align_center\" >\r\n\t\t\r\n\t\t<figure class=\"wpb_wrapper vc_figure\">\r\n\t\t\t<div class=\"vc_single_image-wrapper vc_box_shadow_circle  vc_box_border_grey\"><img class=\"vc_single_image-img\" src=\"https:\/\/altairgroupec.com\/wp-content\/uploads\/2020\/02\/carga-80x80.png\" width=\"80\" height=\"80\" alt=\"carga\" title=\"carga\" \/><\/div>\r\n\t\t<\/figure>\r\n\t<\/div>\r\n\t\r\n\r\n\t\r\n\t\t<div class=\"wpb_text_column wpb_content_element  thegem-vc-text thegem-custom-69e21c5b07e9f3430\"  >\r\n\t\t\t<div class=\"wpb_wrapper\">\r\n\t\t\t\t<h5 style=\"text-align: center;\">Ocean Freight<\/h5>\n<p style=\"text-align: center;\"><span style=\"color: #333333;\"><strong>We have the best freight in 20 or 40 LCL containers.<\/strong><\/span><\/p>\n\r\n\t\t\t<\/div>\r\n\t\t\t<style>@media screen and (max-width: 1023px) {.thegem-vc-text.thegem-custom-69e21c5b07e9f3430{display: block!important;}}@media screen and (max-width: 767px) {.thegem-vc-text.thegem-custom-69e21c5b07e9f3430{display: block!important;}}@media screen and (max-width: 1023px) {.thegem-vc-text.thegem-custom-69e21c5b07e9f3430{position: relative !important;}}@media screen and (max-width: 767px) {.thegem-vc-text.thegem-custom-69e21c5b07e9f3430{position: relative !important;}}<\/style>\r\n\t\t<\/div>\r\n\t\r\n<\/div><\/div><\/div><div class=\"wpb_column vc_column_container vc_col-sm-4 thegem-custom-69e21c5b0804c9042 vc_col-has-fill\"><div class=\"vc_column-inner thegem-custom-inner-69e21c5b0804d vc_custom_1584068413438\"><div class=\"wpb_wrapper thegem-custom-69e21c5b0804c9042\">\r\n\t\r\n\t<div  class=\"wpb_single_image wpb_content_element vc_align_center\" >\r\n\t\t\r\n\t\t<figure class=\"wpb_wrapper vc_figure\">\r\n\t\t\t<div class=\"vc_single_image-wrapper vc_box_shadow_circle  vc_box_border_grey\"><img class=\"vc_single_image-img\" src=\"https:\/\/altairgroupec.com\/wp-content\/uploads\/2020\/02\/aerea-80x80.png\" width=\"80\" height=\"80\" alt=\"aerea\" title=\"aerea\" \/><\/div>\r\n\t\t<\/figure>\r\n\t<\/div>\r\n\t\r\n\r\n\t\r\n\t\t<div class=\"wpb_text_column wpb_content_element  thegem-vc-text thegem-custom-69e21c5b084a55860\"  >\r\n\t\t\t<div class=\"wpb_wrapper\">\r\n\t\t\t\t<h5 style=\"text-align: center;\">Air Freight<\/h5>\n<p style=\"text-align: center;\"><span style=\"color: #333333;\"><strong>We work with the main airlines guaranteeing the best service.<\/strong><\/span><\/p>\n\r\n\t\t\t<\/div>\r\n\t\t\t<style>@media screen and (max-width: 1023px) {.thegem-vc-text.thegem-custom-69e21c5b084a55860{display: block!important;}}@media screen and (max-width: 767px) {.thegem-vc-text.thegem-custom-69e21c5b084a55860{display: block!important;}}@media screen and (max-width: 1023px) {.thegem-vc-text.thegem-custom-69e21c5b084a55860{position: relative !important;}}@media screen and (max-width: 767px) {.thegem-vc-text.thegem-custom-69e21c5b084a55860{position: relative !important;}}<\/style>\r\n\t\t<\/div>\r\n\t\r\n<\/div><\/div><\/div><div class=\"wpb_column vc_column_container vc_col-sm-4 thegem-custom-69e21c5b086a21991 vc_col-has-fill\"><div class=\"vc_column-inner thegem-custom-inner-69e21c5b086a3 vc_custom_1584068421178\"><div class=\"wpb_wrapper thegem-custom-69e21c5b086a21991\">\r\n\t\r\n\t<div  class=\"wpb_single_image wpb_content_element vc_align_center\" >\r\n\t\t\r\n\t\t<figure class=\"wpb_wrapper vc_figure\">\r\n\t\t\t<div class=\"vc_single_image-wrapper vc_box_shadow_circle  vc_box_border_grey\"><img class=\"vc_single_image-img\" src=\"https:\/\/altairgroupec.com\/wp-content\/uploads\/2020\/02\/terrestre-80x80.png\" width=\"80\" height=\"80\" alt=\"terrestre\" title=\"terrestre\" \/><\/div>\r\n\t\t<\/figure>\r\n\t<\/div>\r\n\t\r\n\r\n\t\r\n\t\t<div class=\"wpb_text_column wpb_content_element  thegem-vc-text thegem-custom-69e21c5b08b065270\"  >\r\n\t\t\t<div class=\"wpb_wrapper\">\r\n\t\t\t\t<h5 style=\"text-align: center;\">road freight<\/h5>\n<p style=\"text-align: center;\"><span style=\"color: #333333;\"><strong>First class cargo units and drivers for the satisfaction of our customers.<\/strong><\/span><\/p>\n\r\n\t\t\t<\/div>\r\n\t\t\t<style>@media screen and (max-width: 1023px) {.thegem-vc-text.thegem-custom-69e21c5b08b065270{display: block!important;}}@media screen and (max-width: 767px) {.thegem-vc-text.thegem-custom-69e21c5b08b065270{display: block!important;}}@media screen and (max-width: 1023px) {.thegem-vc-text.thegem-custom-69e21c5b08b065270{position: relative !important;}}@media screen and (max-width: 767px) {.thegem-vc-text.thegem-custom-69e21c5b08b065270{position: relative !important;}}<\/style>\r\n\t\t<\/div>\r\n\t\r\n<\/div><\/div><\/div><\/div><div class=\"clearboth\"><\/div><style>#thegem-divider-69e21c5b08c64 {margin-top: 20px !important;}<\/style><div id=\"thegem-divider-69e21c5b08c64\" class=\"gem-divider  divider-hidden divider-big\" style=\"\" ><\/div><div class=\"vc_btn3-container vc_btn3-center vc_custom_1708103689129 vc_do_btn\" ><a class=\"vc_general vc_btn3 vc_btn3-size-md vc_btn3-shape-rounded vc_btn3-style-3d vc_btn3-icon-left vc_btn3-color-info\" href=\"\/en\/services\/\" title=\"Services\"><i class=\"vc_btn3-icon fas fa-external-link-alt\"><\/i> View More<\/a><\/div><\/div><\/div><\/div><\/div><div class=\"vc_row-full-width vc_clearfix\"><\/div><div class=\"vc_row-full-width-before\"><\/div><div id=\"vc_row-69e21c5b0958c\" data-vc-full-width=\"true\" data-vc-full-width-init=\"false\" data-vc-stretch-content=\"true\" class=\"vc_row wpb_row vc_row-fluid vc_custom_1501247507416 thegem-custom-69e21c5b0957d8323 vc_row-no-padding vc_row-o-equal-height vc_row-flex\"><script type=\"text\/javascript\">if (typeof(gem_fix_fullwidth_position) == \"function\") { gem_fix_fullwidth_position(document.getElementById(\"vc_row-69e21c5b0958c\")); }<\/script><div class=\"wpb_column vc_column_container vc_col-sm-12 vc_col-lg-6 vc_col-xs-12 thegem-custom-69e21c5b0970f5639 vc_col-has-fill\" ><div class=\"vc_column-inner thegem-custom-inner-69e21c5b09711 vc_custom_1582569424614\"><div class=\"wpb_wrapper thegem-custom-69e21c5b0970f5639\"><div class=\"clearboth\"><\/div><style>#thegem-divider-69e21c5b097ab {margin-top: 399px !important;}<\/style><div id=\"thegem-divider-69e21c5b097ab\" class=\"gem-divider\" style=\"\" ><\/div><\/div><\/div><\/div><div class=\"wpb_column vc_column_container vc_col-sm-12 vc_col-lg-6 vc_col-xs-12 thegem-custom-69e21c5b098a99089 vc_col-has-fill\" ><div class=\"vc_column-inner thegem-custom-inner-69e21c5b098ab vc_custom_1550324948198\"><div class=\"wpb_wrapper thegem-custom-69e21c5b098a99089\"><div class=\"clearboth\"><\/div><style>#thegem-divider-69e21c5b09934 {margin-top: 114px !important;}<\/style><div id=\"thegem-divider-69e21c5b09934\" class=\"gem-divider  divider-hidden\" style=\"\" ><\/div><div class=\"preloader\"><div class=\"preloader-spin\"><\/div><\/div><div class=\"size-medium style1 gem-testimonials\" data-autoscroll=\"5000\" style=\"background-color:\"> <div id=\"post-1216\" class=\"gem-testimonial-item post-1216 thegem_testimonial type-thegem_testimonial status-publish has-post-thumbnail\"> <div class=\"gem-testimonial-wrapper\"> <div class=\"gem-testimonial-image\"> <img width=\"160\" height=\"160\" src=\"https:\/\/altairgroupec.com\/wp-content\/uploads\/2018\/12\/testimonios-thegem-person-160.png\" class=\"img-responsive img-circle wp-post-image\" alt=\"testimonios\" srcset=\"https:\/\/altairgroupec.com\/wp-content\/uploads\/2018\/12\/testimonios.png 2x\" sizes=\"100vw\" \/> <\/div> <div class=\"gem-testimonial-content\"> <div class=\"gem-testimonial-text\" style=\"color: #ffffff\"> <p>Excellent service, what a good solution for everything I need to send, 100% recommended.<\/p> <\/div> <\/div> <\/div> <\/div> <div id=\"post-1251\" class=\"gem-testimonial-item post-1251 thegem_testimonial type-thegem_testimonial status-publish has-post-thumbnail\"> <div class=\"gem-testimonial-wrapper\"> <div class=\"gem-testimonial-image\"> <img width=\"160\" height=\"160\" src=\"https:\/\/altairgroupec.com\/wp-content\/uploads\/2020\/02\/testimonio2-thegem-person-160.png\" class=\"img-responsive img-circle wp-post-image\" alt=\"testimonio2\" srcset=\"https:\/\/altairgroupec.com\/wp-content\/uploads\/2020\/02\/testimonio2.png 2x\" sizes=\"100vw\" \/> <\/div> <div class=\"gem-testimonial-content\"> <div class=\"gem-testimonial-text\" style=\"color: #ffffff\"> <p>The attention is very good and the shipping is safe.<\/p> <\/div> <\/div> <\/div> <\/div> <div class=\"testimonials_svg\"><svg style=\"fill: \" width=\"100\" height=\"50\"><path d=\"M 0,-1 Q 45,5 50,50 Q 55,5 100,-1\" \/><\/svg><\/div><\/div><div class=\"clearboth\"><\/div><style>#thegem-divider-69e21c5b0b29c {margin-top: 149px !important;}<\/style><div id=\"thegem-divider-69e21c5b0b29c\" class=\"gem-divider  divider-hidden\" style=\"\" ><\/div><\/div><\/div><\/div><\/div><div class=\"vc_row-full-width vc_clearfix\"><\/div><div class=\"vc_row-full-width-before\"><\/div><div id=\"vc_row-69e21c5b0b47c\" data-vc-full-width=\"true\" data-vc-full-width-init=\"false\" data-vc-stretch-content=\"true\" class=\"vc_row wpb_row vc_row-fluid why-choose-us-block thegem-custom-69e21c5b0b4718463 vc_row-no-padding vc_row-o-equal-height vc_row-o-content-middle vc_row-flex\"><script type=\"text\/javascript\">if (typeof(gem_fix_fullwidth_position) == \"function\") { gem_fix_fullwidth_position(document.getElementById(\"vc_row-69e21c5b0b47c\")); }<\/script><div class=\"wpb_column vc_column_container vc_col-sm-12 vc_col-lg-6 vc_col-xs-12 thegem-custom-69e21c5b0b6127461 vc_col-has-fill disable-custom-paggings-mobile\" ><div class=\"vc_column-inner thegem-custom-inner-69e21c5b0b614 vc_custom_1708103732934\"><div class=\"wpb_wrapper thegem-custom-69e21c5b0b6127461\">\r\n\t\r\n\t\t<div class=\"wpb_text_column wpb_content_element  wpb_animate_when_almost_visible wpb_bottom-to-top bottom-to-top vc_custom_1708103769295 thegem-vc-text thegem-custom-69e21c5b0b6f63486\"  >\r\n\t\t\t<div class=\"wpb_wrapper\">\r\n\t\t\t\t<h2>know us<\/h2>\n\r\n\t\t\t<\/div>\r\n\t\t\t<style>@media screen and (max-width: 1023px) {.thegem-vc-text.thegem-custom-69e21c5b0b6f63486{display: block!important;}}@media screen and (max-width: 767px) {.thegem-vc-text.thegem-custom-69e21c5b0b6f63486{display: block!important;}}@media screen and (max-width: 1023px) {.thegem-vc-text.thegem-custom-69e21c5b0b6f63486{position: relative !important;}}@media screen and (max-width: 767px) {.thegem-vc-text.thegem-custom-69e21c5b0b6f63486{position: relative !important;}}<\/style>\r\n\t\t<\/div>\r\n\t\r\n<div class=\"clearboth\"><\/div><style>#thegem-divider-69e21c5b0b763 {margin-top: 24px !important;}<\/style><div id=\"thegem-divider-69e21c5b0b763\" class=\"gem-divider  divider-hidden\" style=\"\" ><\/div>\r\n\t\r\n\t\t<div class=\"wpb_text_column wpb_content_element  thegem-vc-text thegem-custom-69e21c5b0b7b53954\"  >\r\n\t\t\t<div class=\"wpb_wrapper\">\r\n\t\t\t\t<p>ALTAIR GROUP ECUADOR CIA. LTDA. It is a company that provides international transport and logistics services based in Ecuador. We have a prestigious network of International Agents to transport your shipments to and from any part of the world by air, sea and land.<\/p>\n\r\n\t\t\t<\/div>\r\n\t\t\t<style>@media screen and (max-width: 1023px) {.thegem-vc-text.thegem-custom-69e21c5b0b7b53954{display: block!important;}}@media screen and (max-width: 767px) {.thegem-vc-text.thegem-custom-69e21c5b0b7b53954{display: block!important;}}@media screen and (max-width: 1023px) {.thegem-vc-text.thegem-custom-69e21c5b0b7b53954{position: relative !important;}}@media screen and (max-width: 767px) {.thegem-vc-text.thegem-custom-69e21c5b0b7b53954{position: relative !important;}}<\/style>\r\n\t\t<\/div>\r\n\t\r\n<div class=\"gem-button-container gem-button-position-inline thegem-button-69e21c5b0b8862633\"  ><a class=\"gem-button gem-button-size-small gem-button-style-flat gem-button-text-weight-normal\" data-ll-effect=\"drop-right-without-wrap\" style=\"border-radius: 3px;\" onmouseleave=\"\" onmouseenter=\"\" href=\"\/en\/nosotros\/\" target=\"_self\">Read More<\/a><\/div> <\/div><\/div><\/div><div class=\"wpb_column vc_column_container vc_col-sm-12 vc_col-lg-6 vc_col-xs-12 thegem-custom-69e21c5b0b993988 vc_col-has-fill\" ><div class=\"vc_column-inner thegem-custom-inner-69e21c5b0b995 vc_custom_1582569495930\"><div class=\"wpb_wrapper thegem-custom-69e21c5b0b993988\"><div class=\"clearboth\"><\/div><style>#thegem-divider-69e21c5b0ba03 {margin-top: 425px !important;}<\/style><div id=\"thegem-divider-69e21c5b0ba03\" class=\"gem-divider\" style=\"\" ><\/div><\/div><\/div><\/div><\/div><div class=\"vc_row-full-width vc_clearfix\"><\/div>\n<\/div>","protected":false},"excerpt":{"rendered":"","protected":false},"author":1,"featured_media":0,"parent":0,"menu_order":0,"comment_status":"closed","ping_status":"closed","template":"","meta":{"footnotes":""},"class_list":["post-900","page","type-page","status-publish"],"yoast_head":"<!-- This site is optimized with the Yoast SEO plugin v27.1.1 - https:\/\/yoast.com\/product\/yoast-seo-wordpress\/ -->\n<title>Altair Group Ecuador | Transporte y log\u00edstica internacional<\/title>\n<meta name=\"description\" content=\"Brindamos servicios de transporte y log\u00edstica internacional desde o hacia cualquier parte del mundo por v\u00eda a\u00e9rea, mar\u00edtima y terrestre.\" \/>\n<meta name=\"robots\" content=\"index, follow, max-snippet:-1, max-image-preview:large, max-video-preview:-1\" \/>\n<link rel=\"canonical\" href=\"https:\/\/altairgroupec.com\/en\/\" \/>\n<meta property=\"og:locale\" content=\"en_US\" \/>\n<meta property=\"og:type\" content=\"article\" \/>\n<meta property=\"og:title\" content=\"Altair Group Ecuador | Transporte y log\u00edstica internacional\" \/>\n<meta property=\"og:description\" content=\"Brindamos servicios de transporte y log\u00edstica internacional desde o hacia cualquier parte del mundo por v\u00eda a\u00e9rea, mar\u00edtima y terrestre.\" \/>\n<meta property=\"og:url\" content=\"https:\/\/altairgroupec.com\/en\/\" \/>\n<meta property=\"og:site_name\" content=\"ALTAIR GROUP ECUADOR CIA. LTDA.\" \/>\n<meta property=\"article:publisher\" content=\"https:\/\/www.facebook.com\/Altairgroupec\/?locale=ar_AR\" \/>\n<meta property=\"article:modified_time\" content=\"2024-02-28T15:42:26+00:00\" \/>\n<meta name=\"twitter:card\" content=\"summary_large_image\" \/>\n<meta name=\"twitter:site\" content=\"@altairgroupec\" \/>\n<meta name=\"twitter:label1\" content=\"Est. reading time\" \/>\n\t<meta name=\"twitter:data1\" content=\"2 minutes\" \/>\n<script type=\"application\/ld+json\" class=\"yoast-schema-graph\">{\"@context\":\"https:\/\/schema.org\",\"@graph\":[{\"@type\":\"WebPage\",\"@id\":\"https:\/\/altairgroupec.com\/\",\"url\":\"https:\/\/altairgroupec.com\/\",\"name\":\"Altair Group Ecuador | Transporte y log\u00edstica internacional\",\"isPartOf\":{\"@id\":\"https:\/\/altairgroupec.com\/#website\"},\"datePublished\":\"2018-12-26T08:35:44+00:00\",\"dateModified\":\"2024-02-28T15:42:26+00:00\",\"description\":\"Brindamos servicios de transporte y log\u00edstica internacional desde o hacia cualquier parte del mundo por v\u00eda a\u00e9rea, mar\u00edtima y terrestre.\",\"breadcrumb\":{\"@id\":\"https:\/\/altairgroupec.com\/#breadcrumb\"},\"inLanguage\":\"en-US\",\"potentialAction\":[{\"@type\":\"ReadAction\",\"target\":[\"https:\/\/altairgroupec.com\/\"]}]},{\"@type\":\"BreadcrumbList\",\"@id\":\"https:\/\/altairgroupec.com\/#breadcrumb\",\"itemListElement\":[{\"@type\":\"ListItem\",\"position\":1,\"name\":\"Portada\",\"item\":\"https:\/\/altairgroupec.com\/\"},{\"@type\":\"ListItem\",\"position\":2,\"name\":\"Altair Group Ecuador\"}]},{\"@type\":\"WebSite\",\"@id\":\"https:\/\/altairgroupec.com\/#website\",\"url\":\"https:\/\/altairgroupec.com\/\",\"name\":\"ALTAIR GROUP ECUADOR CIA. LTDA.\",\"description\":\"Soluciones Log\u00edsticas Globales\",\"publisher\":{\"@id\":\"https:\/\/altairgroupec.com\/#organization\"},\"potentialAction\":[{\"@type\":\"SearchAction\",\"target\":{\"@type\":\"EntryPoint\",\"urlTemplate\":\"https:\/\/altairgroupec.com\/?s={search_term_string}\"},\"query-input\":{\"@type\":\"PropertyValueSpecification\",\"valueRequired\":true,\"valueName\":\"search_term_string\"}}],\"inLanguage\":\"en-US\"},{\"@type\":\"Organization\",\"@id\":\"https:\/\/altairgroupec.com\/#organization\",\"name\":\"ALTAIR GROUP ECUADOR CIA. LTDA.\",\"url\":\"https:\/\/altairgroupec.com\/\",\"logo\":{\"@type\":\"ImageObject\",\"inLanguage\":\"en-US\",\"@id\":\"https:\/\/altairgroupec.com\/#\/schema\/logo\/image\/\",\"url\":\"https:\/\/altairgroupec.com\/wp-content\/uploads\/2020\/02\/altair_color.png\",\"contentUrl\":\"https:\/\/altairgroupec.com\/wp-content\/uploads\/2020\/02\/altair_color.png\",\"width\":570,\"height\":299,\"caption\":\"ALTAIR GROUP ECUADOR CIA. LTDA.\"},\"image\":{\"@id\":\"https:\/\/altairgroupec.com\/#\/schema\/logo\/image\/\"},\"sameAs\":[\"https:\/\/www.facebook.com\/Altairgroupec\/?locale=ar_AR\",\"https:\/\/x.com\/altairgroupec\",\"https:\/\/www.instagram.com\/altairgroupec\/\"]}]}<\/script>\n<!-- \/ Yoast SEO plugin. -->","yoast_head_json":{"title":"Altair Group Ecuador | Transporte y log\u00edstica internacional","description":"Brindamos servicios de transporte y log\u00edstica internacional desde o hacia cualquier parte del mundo por v\u00eda a\u00e9rea, mar\u00edtima y terrestre.","robots":{"index":"index","follow":"follow","max-snippet":"max-snippet:-1","max-image-preview":"max-image-preview:large","max-video-preview":"max-video-preview:-1"},"canonical":"https:\/\/altairgroupec.com\/en\/","og_locale":"en_US","og_type":"article","og_title":"Altair Group Ecuador | Transporte y log\u00edstica internacional","og_description":"Brindamos servicios de transporte y log\u00edstica internacional desde o hacia cualquier parte del mundo por v\u00eda a\u00e9rea, mar\u00edtima y terrestre.","og_url":"https:\/\/altairgroupec.com\/en\/","og_site_name":"ALTAIR GROUP ECUADOR CIA. LTDA.","article_publisher":"https:\/\/www.facebook.com\/Altairgroupec\/?locale=ar_AR","article_modified_time":"2024-02-28T15:42:26+00:00","twitter_card":"summary_large_image","twitter_site":"@altairgroupec","twitter_misc":{"Est. reading time":"2 minutes"},"schema":{"@context":"https:\/\/schema.org","@graph":[{"@type":"WebPage","@id":"https:\/\/altairgroupec.com\/","url":"https:\/\/altairgroupec.com\/","name":"Altair Group Ecuador | Transporte y log\u00edstica internacional","isPartOf":{"@id":"https:\/\/altairgroupec.com\/#website"},"datePublished":"2018-12-26T08:35:44+00:00","dateModified":"2024-02-28T15:42:26+00:00","description":"Brindamos servicios de transporte y log\u00edstica internacional desde o hacia cualquier parte del mundo por v\u00eda a\u00e9rea, mar\u00edtima y terrestre.","breadcrumb":{"@id":"https:\/\/altairgroupec.com\/#breadcrumb"},"inLanguage":"en-US","potentialAction":[{"@type":"ReadAction","target":["https:\/\/altairgroupec.com\/"]}]},{"@type":"BreadcrumbList","@id":"https:\/\/altairgroupec.com\/#breadcrumb","itemListElement":[{"@type":"ListItem","position":1,"name":"Portada","item":"https:\/\/altairgroupec.com\/"},{"@type":"ListItem","position":2,"name":"Altair Group Ecuador"}]},{"@type":"WebSite","@id":"https:\/\/altairgroupec.com\/#website","url":"https:\/\/altairgroupec.com\/","name":"ALTAIR GROUP ECUADOR CIA. LTDA.","description":"Soluciones Log\u00edsticas Globales","publisher":{"@id":"https:\/\/altairgroupec.com\/#organization"},"potentialAction":[{"@type":"SearchAction","target":{"@type":"EntryPoint","urlTemplate":"https:\/\/altairgroupec.com\/?s={search_term_string}"},"query-input":{"@type":"PropertyValueSpecification","valueRequired":true,"valueName":"search_term_string"}}],"inLanguage":"en-US"},{"@type":"Organization","@id":"https:\/\/altairgroupec.com\/#organization","name":"ALTAIR GROUP ECUADOR CIA. LTDA.","url":"https:\/\/altairgroupec.com\/","logo":{"@type":"ImageObject","inLanguage":"en-US","@id":"https:\/\/altairgroupec.com\/#\/schema\/logo\/image\/","url":"https:\/\/altairgroupec.com\/wp-content\/uploads\/2020\/02\/altair_color.png","contentUrl":"https:\/\/altairgroupec.com\/wp-content\/uploads\/2020\/02\/altair_color.png","width":570,"height":299,"caption":"ALTAIR GROUP ECUADOR CIA. LTDA."},"image":{"@id":"https:\/\/altairgroupec.com\/#\/schema\/logo\/image\/"},"sameAs":["https:\/\/www.facebook.com\/Altairgroupec\/?locale=ar_AR","https:\/\/x.com\/altairgroupec","https:\/\/www.instagram.com\/altairgroupec\/"]}]}},"_links":{"self":[{"href":"https:\/\/altairgroupec.com\/en\/wp-json\/wp\/v2\/pages\/900","targetHints":{"allow":["GET"]}}],"collection":[{"href":"https:\/\/altairgroupec.com\/en\/wp-json\/wp\/v2\/pages"}],"about":[{"href":"https:\/\/altairgroupec.com\/en\/wp-json\/wp\/v2\/types\/page"}],"author":[{"embeddable":true,"href":"https:\/\/altairgroupec.com\/en\/wp-json\/wp\/v2\/users\/1"}],"replies":[{"embeddable":true,"href":"https:\/\/altairgroupec.com\/en\/wp-json\/wp\/v2\/comments?post=900"}],"version-history":[{"count":55,"href":"https:\/\/altairgroupec.com\/en\/wp-json\/wp\/v2\/pages\/900\/revisions"}],"predecessor-version":[{"id":1486,"href":"https:\/\/altairgroupec.com\/en\/wp-json\/wp\/v2\/pages\/900\/revisions\/1486"}],"wp:attachment":[{"href":"https:\/\/altairgroupec.com\/en\/wp-json\/wp\/v2\/media?parent=900"}],"curies":[{"name":"wp","href":"https:\/\/api.w.org\/{rel}","templated":true}]}}